{"id":5,"date":"2010-02-08T15:49:43","date_gmt":"2010-02-08T15:49:43","guid":{"rendered":"http:\/\/www.rosa-v.nl\/public\/?page_id=5"},"modified":"2024-08-22T13:45:11","modified_gmt":"2024-08-22T13:45:11","slug":"about","status":"publish","type":"page","link":"https:\/\/www.rosa-v.nl\/public\/about","title":{"rendered":"Achtergrond"},"content":{"rendered":"<p>[et_pb_section fb_built=&#8221;1&#8243; fullwidth=&#8221;on&#8221; admin_label=&#8221;Section&#8221; _builder_version=&#8221;4.16&#8243; global_colors_info=&#8221;{}&#8221;][et_pb_fullwidth_image src=&#8221;http:\/\/www.rosa-v.nl\/public\/wp-content\/uploads\/2016\/09\/Header.jpg&#8221; admin_label=&#8221;Fullwidth Image&#8221; _builder_version=&#8221;4.16&#8243; animation=&#8221;off&#8221; use_border_color=&#8221;off&#8221; border_color=&#8221;#ffffff&#8221; border_style=&#8221;solid&#8221; global_colors_info=&#8221;{}&#8221;]<\/p>\n<p>\n&nbsp;<\/p>\n<p>[\/et_pb_fullwidth_image][\/et_pb_section][et_pb_section fb_built=&#8221;1&#8243; admin_label=&#8221;section&#8221; _builder_version=&#8221;4.16&#8243; global_colors_info=&#8221;{}&#8221;][et_pb_row column_structure=&#8221;1_4,1_2,1_4&#8243; admin_label=&#8221;Row&#8221; _builder_version=&#8221;4.16&#8243; background_size=&#8221;initial&#8221; background_position=&#8221;top_left&#8221; background_repeat=&#8221;repeat&#8221; global_colors_info=&#8221;{}&#8221;][et_pb_column type=&#8221;1_4&#8243; _builder_version=&#8221;4.16&#8243; custom_padding=&#8221;|||&#8221; global_colors_info=&#8221;{}&#8221; custom_padding__hover=&#8221;|||&#8221;][et_pb_sidebar area=&#8221;sidebar-1&#8243; admin_label=&#8221;Sidebar&#8221; _builder_version=&#8221;4.16&#8243; body_text_color=&#8221;#69072d&#8221; remove_border=&#8221;off&#8221; global_colors_info=&#8221;{}&#8221;]<\/p>\n<p>\n&nbsp;<\/p>\n<p>[\/et_pb_sidebar][\/et_pb_column][et_pb_column type=&#8221;1_2&#8243; _builder_version=&#8221;4.16&#8243; custom_padding=&#8221;|||&#8221; global_colors_info=&#8221;{}&#8221; custom_padding__hover=&#8221;|||&#8221;][et_pb_text admin_label=&#8221;Text&#8221; _builder_version=&#8221;4.23&#8243; header_font=&#8221;|on|||&#8221; header_text_color=&#8221;#69072d&#8221; header_font_size=&#8221;16px&#8221; background_size=&#8221;initial&#8221; background_position=&#8221;top_left&#8221; background_repeat=&#8221;repeat&#8221; vertical_offset_tablet=&#8221;0&#8243; horizontal_offset_tablet=&#8221;0&#8243; z_index_tablet=&#8221;0&#8243; text_text_shadow_horizontal_length_tablet=&#8221;0px&#8221; text_text_shadow_vertical_length_tablet=&#8221;0px&#8221; text_text_shadow_blur_strength_tablet=&#8221;1px&#8221; link_text_shadow_horizontal_length_tablet=&#8221;0px&#8221; link_text_shadow_vertical_length_tablet=&#8221;0px&#8221; link_text_shadow_blur_strength_tablet=&#8221;1px&#8221; ul_text_shadow_horizontal_length_tablet=&#8221;0px&#8221; ul_text_shadow_vertical_length_tablet=&#8221;0px&#8221; ul_text_shadow_blur_strength_tablet=&#8221;1px&#8221; ol_text_shadow_horizontal_length_tablet=&#8221;0px&#8221; ol_text_shadow_vertical_length_tablet=&#8221;0px&#8221; ol_text_shadow_blur_strength_tablet=&#8221;1px&#8221; quote_text_shadow_horizontal_length_tablet=&#8221;0px&#8221; quote_text_shadow_vertical_length_tablet=&#8221;0px&#8221; quote_text_shadow_blur_strength_tablet=&#8221;1px&#8221; header_text_shadow_horizontal_length_tablet=&#8221;0px&#8221; header_text_shadow_vertical_length_tablet=&#8221;0px&#8221; header_text_shadow_blur_strength_tablet=&#8221;1px&#8221; header_2_text_shadow_horizontal_length_tablet=&#8221;0px&#8221; header_2_text_shadow_vertical_length_tablet=&#8221;0px&#8221; header_2_text_shadow_blur_strength_tablet=&#8221;1px&#8221; header_3_text_shadow_horizontal_length_tablet=&#8221;0px&#8221; header_3_text_shadow_vertical_length_tablet=&#8221;0px&#8221; header_3_text_shadow_blur_strength_tablet=&#8221;1px&#8221; header_4_text_shadow_horizontal_length_tablet=&#8221;0px&#8221; header_4_text_shadow_vertical_length_tablet=&#8221;0px&#8221; header_4_text_shadow_blur_strength_tablet=&#8221;1px&#8221; header_5_text_shadow_horizontal_length_tablet=&#8221;0px&#8221; header_5_text_shadow_vertical_length_tablet=&#8221;0px&#8221; header_5_text_shadow_blur_strength_tablet=&#8221;1px&#8221; header_6_text_shadow_horizontal_length_tablet=&#8221;0px&#8221; header_6_text_shadow_vertical_length_tablet=&#8221;0px&#8221; header_6_text_shadow_blur_strength_tablet=&#8221;1px&#8221; box_shadow_horizontal_tablet=&#8221;0px&#8221; box_shadow_vertical_tablet=&#8221;0px&#8221; box_shadow_blur_tablet=&#8221;40px&#8221; box_shadow_spread_tablet=&#8221;0px&#8221; use_border_color=&#8221;off&#8221; global_colors_info=&#8221;{}&#8221;]<\/p>\n<h1>Achtergrond<\/h1>\n<p>Al vroeg had ik <span style=\"font-size: 13px; line-height: 19px;\">vele vragen over het leven&#8230;. Na de middelbare school belandde ik op de weg tot <strong>verpleegkundige<\/strong> en na goed gevolg stond ik middels een tweede opleiding al snel naast de chirurg aan tafel als <strong>operatieassistent<\/strong>. 15 jaar later besloot ik me volledig over te geven aan het moederschap met als hoofdtoon twee prachtige kinderen. Toen nog niet wetende dat dit het begin zou zijn van een groot bewustwordingsproces dat vele deuren openden naar:<\/span><\/p>\n<ul>\n<li>Sportmassage (NESPG)<\/li>\n<li>Stoelmassage (Anand opleidingen)<\/li>\n<li>Orthomoleculair Voedings- en Suppletie adviseur HBO (SOHF)<\/li>\n<li>Voeding en hormonen (SOHF)<\/li>\n<li>Behandelprotocollen Spijsvertering Maag, Lever, Darmen (SOHF)<\/li>\n<li>Neurotransmitters profiel in de dagelijkse praktijk (SOHF)<\/li>\n<li>Kruidengeneeskunde HBO (Herba Sanitas)<\/li>\n<li>Opleiding schoonheidsspecialist (Nederlandse beauty school)<\/li>\n<li>Aromatherapie in de schoonheidsverzorging (Chi)<\/li>\n<li>De Nederlandse bloesemremedies HBO (Bram Zaalberg)<\/li>\n<li>Celzouttherapie (SAGHO)<\/li>\n<li>Sjamanisme<\/li>\n<li>Thaise voet massage<\/li>\n<li>Het ambassadeurschap van Weleda<\/li>\n<li>Metamorfosemassage<\/li>\n<li>Het verbouwen van kruiden en groenten tot huidverzorgingsproducten maar ook voor culinair en medicinaal gebruik.<\/li>\n<li>Wijkverpleging (2020)<\/li>\n<li>Scholing wikkels en kompressen in de palliatieve fase (Wikkelfee)<\/li>\n<\/ul>\n<p>Dit alles leidde tot de praktijk Rosa-v, waarin op een mooie manier de woorden roos en av\u00e9 met elkaar worden verbonden.\u00a0<\/p>\n<p>Al mijn hele leven ben ik ge\u00efnteresseerd in het holistische gezondheidsbeeld. Wat maakt nu werkelijk gezond, wanneer is het lichaam in \/ uit balans en in hoeverre spelen de mind en geest daarin een rol. Vragen waarin de ervaring uiteindelijk antwoord zal geven&#8230;.<\/p>\n<div dir=\"auto\">\n<div dir=\"auto\">In the world of endless questions, Love is the only Answer.<\/div>\n<div dir=\"auto\">&#8211; Matt Kahn-<\/div>\n<\/div>\n<p><span style=\"border-radius: 2px; text-indent: 20px; width: auto; padding: 0px 4px 0px 0px; text-align: center; font: bold 11px\/20px 'Helvetica Neue',Helvetica,sans-serif; color: #ffffff; background: #bd081c no-repeat scroll 3px 50% \/ 14px 14px; position: absolute; opacity: 0.85; z-index: 8675309; display: none; cursor: pointer; top: 479px; left: 683px;\">Bewaren<\/span><\/p>\n<p>[\/et_pb_text][\/et_pb_column][et_pb_column type=&#8221;1_4&#8243; _builder_version=&#8221;4.16&#8243; custom_padding=&#8221;|||&#8221; global_colors_info=&#8221;{}&#8221; custom_padding__hover=&#8221;|||&#8221;][et_pb_divider show_divider=&#8221;off&#8221; disabled_on=&#8221;on|on|&#8221; _builder_version=&#8221;4.16&#8243; hide_on_mobile=&#8221;on&#8221; global_colors_info=&#8221;{}&#8221;]<br \/>\n[\/et_pb_divider][et_pb_image src=&#8221;http:\/\/www.rosa-v.nl\/public\/wp-content\/uploads\/2016\/08\/vir-e1472072601351.jpg&#8221; align_tablet=&#8221;center&#8221; align_phone=&#8221;center&#8221; align_last_edited=&#8221;on|desktop&#8221; _builder_version=&#8221;4.16&#8243; animation_style=&#8221;slide&#8221; animation_direction=&#8221;left&#8221; animation_duration=&#8221;500ms&#8221; animation_intensity_slide=&#8221;10%&#8221; animation=&#8221;left&#8221; use_border_color=&#8221;off&#8221; border_color=&#8221;#ffffff&#8221; border_style=&#8221;solid&#8221; sticky=&#8221;off&#8221; always_center_on_mobile=&#8221;on&#8221; global_colors_info=&#8221;{}&#8221;]<br \/>\n[\/et_pb_image][\/et_pb_column][\/et_pb_row][\/et_pb_section]<\/p>\n","protected":false},"excerpt":{"rendered":"<p>&nbsp; &nbsp; Achtergrond Al vroeg had ik vele vragen over het leven&#8230;. Na de middelbare school belandde ik op de weg tot verpleegkundige en na goed gevolg stond ik middels een tweede opleiding al snel naast de chirurg aan tafel als operatieassistent. 15 jaar later besloot ik me volledig over te geven aan het moederschap [&hellip;]<\/p>\n","protected":false},"author":1,"featured_media":0,"parent":0,"menu_order":2,"comment_status":"closed","ping_status":"closed","template":"","meta":{"_et_pb_use_builder":"on","_et_pb_old_content":"<!--:nl-->\r\n\r\n\u00a0\r\n\r\n<img class=\"alignleft size-full wp-image-2127\" src=\"http:\/\/www.rosa-v.nl\/public\/wp-content\/uploads\/2016\/08\/vir-e1472072601351.jpg\" alt=\"vir\" width=\"200\" height=\"148\" \/>\r\n\r\n\u00a0\r\n\r\n\u00a0\r\n\r\n\u00a0\r\n\r\n\u00a0\r\n\r\n\u00a0\r\n\r\n\u00a0\r\n\r\nMijn naam is Virginie van der Ploeg en al vroeg had ik al\u00a0<span style=\"font-size: 13px; line-height: 19px;\">vele vragen over het leven...... Na de middelbare school belandde ik op de weg tot <strong>verpleegkundige<\/strong> en na goed gevolg stond ik middels een tweede opleiding al snel naast de chirurg aan tafel als <strong>operatieassistent<\/strong>. 15 jaar later besloot ik me volledig over te geven aan het moederschap met als hoofdtoon twee prachtige kinderen. Toen nog niet wetende dat dit het begin zou zijn van een groot bewustwordingsproces dat vele deuren openden naar:<\/span>\r\n<ul>\r\n \t<li>Sportmassage (1e NVVS)<\/li>\r\n \t<li>Fytotherapie ofwel kruidengeneeskunde HBO (Herba Sanitas)<\/li>\r\n \t<li>Opleiding schoonheidsspecialist \u00a0(Nederlandse beauty school)<\/li>\r\n \t<li>Aromatherapie in de schoonheidsverzorging (Chi)<\/li>\r\n \t<li>De Nederlandse bloesemremedies HBO (Bram Zaalberg)<\/li>\r\n \t<li>Celzouttherapie (SAGHO)<\/li>\r\n \t<li>Sjamanisme<\/li>\r\n \t<li>Thaise voet massage (Monique van der Kooij)<\/li>\r\n \t<li>De magie van Egypte en het Midden-Oosten (een van de \u00a0eerste deuren van herinnering opende Atma reizen, meerdere individuele reizen volgden hierna)<\/li>\r\n \t<li>Het\u00a0ambassadeurschap van Weleda<\/li>\r\n \t<li>Soundhealing (Coen Tuerlings\/Kees Peters)<\/li>\r\n \t<li>Metamorfosemassage (Kitty van Rees)<\/li>\r\n \t<li>Het verbouwen van kruiden en groenten tot\u00a0huidverzorgingsproducten maar ook voor culinair en medicinaal gebruik.<\/li>\r\n<\/ul>\r\nDit alles leidde tot de praktijk Rosa-v, waarin op een mooie manier de woorden roos en av\u00e9 met elkaar worden verbonden. Daarnaast ben ik ook nog steeds met veel plezier een paar dagen\u00a0per week werkzaam als operatieassistent en masseuse in het ziekenhuis. Van \u00e9\u00e9n op \u00e9\u00e9n naar teamwork van complementair naar regulier, twee werelden die in mijn ogen als vanzelfsprekend in elkaar horen over te lopen.\r\n\r\n<!--:-->","_et_gb_content_width":"","footnotes":""},"class_list":["post-5","page","type-page","status-publish","hentry"],"_links":{"self":[{"href":"https:\/\/www.rosa-v.nl\/public\/wp-json\/wp\/v2\/pages\/5"}],"collection":[{"href":"https:\/\/www.rosa-v.nl\/public\/wp-json\/wp\/v2\/pages"}],"about":[{"href":"https:\/\/www.rosa-v.nl\/public\/wp-json\/wp\/v2\/types\/page"}],"author":[{"embeddable":true,"href":"https:\/\/www.rosa-v.nl\/public\/wp-json\/wp\/v2\/users\/1"}],"replies":[{"embeddable":true,"href":"https:\/\/www.rosa-v.nl\/public\/wp-json\/wp\/v2\/comments?post=5"}],"version-history":[{"count":266,"href":"https:\/\/www.rosa-v.nl\/public\/wp-json\/wp\/v2\/pages\/5\/revisions"}],"predecessor-version":[{"id":2742,"href":"https:\/\/www.rosa-v.nl\/public\/wp-json\/wp\/v2\/pages\/5\/revisions\/2742"}],"wp:attachment":[{"href":"https:\/\/www.rosa-v.nl\/public\/wp-json\/wp\/v2\/media?parent=5"}],"curies":[{"name":"wp","href":"https:\/\/api.w.org\/{rel}","templated":true}]}}