{"id":15,"date":"2010-02-08T15:51:55","date_gmt":"2010-02-08T15:51:55","guid":{"rendered":"http:\/\/www.rosa-v.nl\/public\/?page_id=15"},"modified":"2020-10-12T05:06:36","modified_gmt":"2020-10-12T05:06:36","slug":"links","status":"publish","type":"page","link":"https:\/\/www.rosa-v.nl\/public\/links","title":{"rendered":"Reviews"},"content":{"rendered":"<p>[et_pb_section bb_built=&#8221;1&#8243; admin_label=&#8221;Section&#8221; fullwidth=&#8221;on&#8221; specialty=&#8221;off&#8221; next_background_color=&#8221;#000000&#8243;][et_pb_fullwidth_image admin_label=&#8221;Fullwidth Image&#8221; show_in_lightbox=&#8221;off&#8221; url_new_window=&#8221;off&#8221; use_overlay=&#8221;off&#8221; animation=&#8221;off&#8221; use_border_color=&#8221;off&#8221; border_color=&#8221;#ffffff&#8221; border_style=&#8221;solid&#8221; src=&#8221;http:\/\/www.rosa-v.nl\/public\/wp-content\/uploads\/2016\/09\/Header.jpg&#8221; animation_style=&#8221;none&#8221; animation_duration=&#8221;1000ms&#8221; animation_intensity_slide=&#8221;50%&#8221;]<\/p>\n<p><\/p>\n<p>[\/et_pb_fullwidth_image][\/et_pb_section][et_pb_section bb_built=&#8221;1&#8243; admin_label=&#8221;section&#8221; prev_background_color=&#8221;#000000&#8243;][et_pb_row admin_label=&#8221;Row&#8221; background_position=&#8221;top_left&#8221; background_repeat=&#8221;repeat&#8221; background_size=&#8221;initial&#8221;][et_pb_column type=&#8221;1_4&#8243;][et_pb_sidebar admin_label=&#8221;Sidebar&#8221; orientation=&#8221;left&#8221; area=&#8221;sidebar-1&#8243; background_layout=&#8221;light&#8221; remove_border=&#8221;off&#8221; body_text_color=&#8221;#69072d&#8221; show_border=&#8221;on&#8221;]<\/p>\n<p><\/p>\n<p>[\/et_pb_sidebar][\/et_pb_column][et_pb_column type=&#8221;3_4&#8243;][et_pb_text admin_label=&#8221;Text&#8221; header_font=&#8221;|on|||&#8221; header_font_size=&#8221;16px&#8221; header_text_color=&#8221;#69072d&#8221; use_border_color=&#8221;off&#8221; background_position=&#8221;top_left&#8221; background_repeat=&#8221;repeat&#8221; background_size=&#8221;initial&#8221; _builder_version=&#8221;3.21&#8243;]<\/p>\n<h1>Reviews<\/h1>\n<p>\u00a0<\/p>\n<p>Al meer dan 5 jaar kom ik met veel plezier bij Virginie. De voetmassage, waarbij ik met enige regelmaat in slaap val, is een heerlijk ontspannend begin van de gezichtsbehandeling. Virginie stemt deze af op wat m&#8217;n huid nodig heeft maar ook moeiteloos stemt ze de massages af op wat m&#8217;n lichaam en geest nodig hebben. Geen systematische massage maar een massage met gevoel waarbij Virginie vaak precies doet wat ik op dat moment denk\/nodig heb. Een cadeautje om periodiek bij haar langs te gaan!<\/p>\n<p><strong>Joke Wolf-Hoekstra, Bleiswijk<\/strong><\/p>\n<p>\u00a0<\/p>\n<p>Het is heerlijk om bij Virginie een behandeling te ervaren. Ik voel me bij haar volkomen relaxed. De sfeer in haar praktijk is z\u00f3 fijn. Ze laat je voelen dat je welkom bent. Van het moment dat je de voordeur instapt tot het moment je de voordeur weer uitstapt met in de tussentijd een heerlijke verzorging! Een behandeling bij Virginie (welke dan ook) is een absolute aanrader!<\/p>\n<p><strong>Saskia Bruijn-Stolk, Delfgauw<\/strong><\/p>\n<p>\u00a0<\/p>\n<p>Een behandeling bij Virginie is een verwenmoment voor jezelf. In een ontspannen sfeer verdwijnt de spanning uit mijn lichaam met name door de weldadige massages. Er wordt gewerkt met producten op natuurlijke basis en mijn huid heeft er nog nooit zo rustig uit gezien. Na een avond bij Virginie slaap ik als een roosje.<\/p>\n<p><strong>Marianne Letschert, Zoetermeer<\/strong><\/p>\n<p>\u00a0<\/p>\n<p>Mijn eerste afspraak voor een behandeling bij Virginie was ongeveer negen jaar geleden n.a.v. een artikel in het Weledablaadje. Ik geniet sindsdien ongeveer \u00e9\u00e9n keer per twee maanden van een behandeling. Het is \u00e9\u00e9n van de heerlijkste dingen voor mij, van het begin tot het einde!<\/p>\n<p>Eerst een voetmassage, daarna de gezichtsbehandeling met heerlijk geurende producten van Weleda of Primavera. Bij Virginie voel ik mij altijd op mijn gemak, ze neemt de tijd voor mij en dat is in deze hectische tijd een verademing. Ze gebruikt producten die mijn huid nodig hebben en daarnaast geeft ze regelmatig goede adviezen over verzorging en voeding. Als het gezichtsmasker zijn werk doet, wil ik nog wel eens in slaap vallen. Na afloop ga ik helemaal ontspannen naar huis.<\/p>\n<p>Ik hoop nog lang te mogen genieten van de behandelingen bij Virginie.<\/p>\n<p><strong>Shasi Ramkisoen, Zoetermeer<\/strong><\/p>\n<p>\u00a0<\/p>\n<p>Virginie werkt professioneel en aandachtig. Vanuit mijn sportieve, drukke bestaan kom ik daarom ook graag met enige regelmaat in haar praktijk.<\/p>\n<p><strong>Alexander Jansen, Zoetermeer<\/strong><\/p>\n<p>\u00a0<\/p>\n<p>Heerlijk, heerlijk, heerlijk een behandeling bij Virginie. Echt verwennerij. Je wordt ontvangen in heel ontspannen sfeer. Ze gebruikt uitsluitend heerlijk geurende natuurlijke producten en heeft hier ook veel kennis van. Haar handen masseren feilloos. Ik kom na een behandeling altijd heel ontspannen en met een stralende huid thuis.<\/p>\n<p><strong>Karin Steenhuisen, Bleiswijk<\/strong><\/p>\n<p>[\/et_pb_text][\/et_pb_column][\/et_pb_row][\/et_pb_section]<\/p>\n","protected":false},"excerpt":{"rendered":"<p>Reviews\u00a0Al meer dan 5 jaar kom ik met veel plezier bij Virginie. De voetmassage, waarbij ik met enige regelmaat in slaap val, is een heerlijk ontspannend begin van de gezichtsbehandeling. Virginie stemt deze af op wat m&#8217;n huid nodig heeft maar ook moeiteloos stemt ze de massages af op wat m&#8217;n lichaam en geest nodig [&hellip;]<\/p>\n","protected":false},"author":1,"featured_media":0,"parent":0,"menu_order":7,"comment_status":"closed","ping_status":"closed","template":"","meta":{"_et_pb_use_builder":"on","_et_pb_old_content":"<!--:nl-->\r\n\r\n\u00a0\r\n\r\nAl meer dan 5 jaar kom ik met veel plezier bij Virginie. De voetmassage, waarbij ik met enige regelmaat in slaap val, is een heerlijk ontspannend begin van de gezichtsbehandeling. Virginie stemt deze af op wat m'n huid nodig heeft maar ook moeiteloos stemt ze de massages af op wat m'n lichaam en geest nodig hebben. Geen systematische massage maar een massage met gevoel waarbij Virginie vaak precies doet wat ik op dat moment denk\/nodig heb.\u00a0\u00a0Een cadeautje om periodiek bij haar langs te gaan!\r\n\r\n<strong>Joke Wolf-Hoekstra,\u00a0Bleiswijk<\/strong>\r\n\r\n\u00a0\r\n\r\nHet is heerlijk om bij Virginie een behandeling te ervaren. Ik voel me bij haar volkomen relaxed. De sfeer in haar praktijk is z\u00f3 fijn. Ze laat je voelen dat je welkom bent. Van het moment dat je de voordeur instapt tot het moment je de voordeur weer uitstapt met in de tussentijd een heerlijke verzorging! Een behandeling bij Virginie (welke dan ook) is een absolute aanrader!\r\n\r\n<strong>Saskia Bruijn-Stolk, Delfgauw<\/strong>\r\n\r\n\u00a0\r\n\r\nEen behandeling bij Virginie is een verwenmoment voor jezelf. In een ontspannen sfeer verdwijnt de spanning uit mijn lichaam met name door de weldadige massages. Er wordt gewerkt met producten op natuurlijke basis en mijn huid heeft er nog nooit zo rustig uit gezien. Na een avond bij Virginie slaap ik als een roosje.\r\n\r\n<strong>Marianne Letschert, Zoetermeer<\/strong>\r\n\r\n\u00a0\r\n\r\nMagie is wat ik bij Virginie ervaar. Helende handen vaak in het ritme van de muziek, net die woorden die raken of dat welkome gevoel maar ook haar genezende kruiden vertellen een aangenaam verhaal. Als ik in drie woorden Virginie en haar praktijk zou mogen omschrijven, dan zou dat zijn: ontspanning, genezen en een stralende huid.\r\n\r\nRosa-v doet haar naam eer aan!\r\n\r\n<strong>Rana van Os, Gouda<\/strong>\r\n\r\n\u00a0\r\n\r\nMijn eerste afspraak voor een behandeling bij Virginie was ongeveer negen jaar geleden n.a.v. een artikel in het Weledablaadje. Ik geniet sindsdien ongeveer \u00e9\u00e9n keer per twee maanden van een behandeling. Het is \u00e9\u00e9n van de heerlijkste dingen voor mij, van het begin tot het einde!\r\n\r\nEerst een voetmassage, daarna de gezichtsbehandeling met heerlijk geurende producten van Weleda of Primavera. Bij Virginie voel ik mij altijd op mijn gemak, ze neemt de tijd voor mij en dat is in deze hectische tijd een verademing. Ze gebruikt producten die mijn huid nodig hebben en daarnaast geeft ze regelmatig goede adviezen over verzorging en voeding. Als het gezichtsmasker zijn werk doet, wil ik nog wel eens in slaap vallen. Na afloop ga ik helemaal ontspannen naar huis.\r\n\r\nIk hoop nog lang te mogen genieten van de behandelingen bij Virginie.\r\n\r\n<strong>Shasi Ramkisoen, Zoetermeer<\/strong>\r\n\r\n\u00a0\r\n<div><\/div>\r\n\u00a0\r\n\r\n\u00a0\r\n<div><\/div>\r\n<div><\/div>\r\n<div><\/div>\r\n\u00a0\r\n\r\n<!--:-->","_et_gb_content_width":"","footnotes":""},"class_list":["post-15","page","type-page","status-publish","hentry"],"_links":{"self":[{"href":"https:\/\/www.rosa-v.nl\/public\/wp-json\/wp\/v2\/pages\/15"}],"collection":[{"href":"https:\/\/www.rosa-v.nl\/public\/wp-json\/wp\/v2\/pages"}],"about":[{"href":"https:\/\/www.rosa-v.nl\/public\/wp-json\/wp\/v2\/types\/page"}],"author":[{"embeddable":true,"href":"https:\/\/www.rosa-v.nl\/public\/wp-json\/wp\/v2\/users\/1"}],"replies":[{"embeddable":true,"href":"https:\/\/www.rosa-v.nl\/public\/wp-json\/wp\/v2\/comments?post=15"}],"version-history":[{"count":63,"href":"https:\/\/www.rosa-v.nl\/public\/wp-json\/wp\/v2\/pages\/15\/revisions"}],"predecessor-version":[{"id":2648,"href":"https:\/\/www.rosa-v.nl\/public\/wp-json\/wp\/v2\/pages\/15\/revisions\/2648"}],"wp:attachment":[{"href":"https:\/\/www.rosa-v.nl\/public\/wp-json\/wp\/v2\/media?parent=15"}],"curies":[{"name":"wp","href":"https:\/\/api.w.org\/{rel}","templated":true}]}}